{"id":3,"date":"2021-02-08T19:08:34","date_gmt":"2021-02-08T22:08:34","guid":{"rendered":"http:\/\/rosadosventos.art.br\/?page_id=3"},"modified":"2021-04-30T14:45:44","modified_gmt":"2021-04-30T17:45:44","slug":"politica-de-privacidade","status":"publish","type":"page","link":"https:\/\/rosadosventos.art.br\/?page_id=3","title":{"rendered":"Pol\u00edtica de privacidade"},"content":{"rendered":"\t\t<div data-elementor-type=\"wp-page\" data-elementor-id=\"3\" class=\"elementor elementor-3\">\n\t\t\t\t\t\t<section class=\"elementor-section elementor-top-section elementor-element elementor-element-1ebfd4c3 elementor-section-height-full elementor-section-content-middle elementor-reverse-mobile elementor-section-stretched elementor-section-full_width elementor-section-height-default elementor-section-items-middle\" data-id=\"1ebfd4c3\" data-element_type=\"section\" data-e-type=\"section\" data-settings=\"{&quot;background_background&quot;:&quot;slideshow&quot;,&quot;background_slideshow_gallery&quot;:[{&quot;id&quot;:769,&quot;url&quot;:&quot;https:\\\/\\\/rosadosventos.art.br\\\/wp-content\\\/uploads\\\/2021\\\/03\\\/circo-scaled.jpg&quot;}],&quot;stretch_section&quot;:&quot;section-stretched&quot;,&quot;background_slideshow_loop&quot;:&quot;yes&quot;,&quot;background_slideshow_slide_duration&quot;:5000,&quot;background_slideshow_slide_transition&quot;:&quot;fade&quot;,&quot;background_slideshow_transition_duration&quot;:500}\">\n\t\t\t\t\t\t<div class=\"elementor-container elementor-column-gap-wide\">\n\t\t\t\t\t<div class=\"elementor-column elementor-col-100 elementor-top-column elementor-element elementor-element-3731e83c\" data-id=\"3731e83c\" data-element_type=\"column\" data-e-type=\"column\">\n\t\t\t<div class=\"elementor-widget-wrap elementor-element-populated\">\n\t\t\t\t\t\t<div class=\"elementor-element elementor-element-59cbf8f5 elementor-widget elementor-widget-heading\" data-id=\"59cbf8f5\" data-element_type=\"widget\" data-e-type=\"widget\" data-widget_type=\"heading.default\">\n\t\t\t\t<div class=\"elementor-widget-container\">\n\t\t\t\t\t<h2 class=\"elementor-heading-title elementor-size-large\"><br><br><br><strong>Pol\u00edtica de privacidade<\/strong><\/h2>\t\t\t\t<\/div>\n\t\t\t\t<\/div>\n\t\t\t\t\t<\/div>\n\t\t<\/div>\n\t\t\t\t\t<\/div>\n\t\t<\/section>\n\t\t\t\t<section class=\"elementor-section elementor-top-section elementor-element elementor-element-3b32ab3d elementor-section-full_width elementor-section-stretched elementor-section-height-min-height elementor-section-items-top elementor-section-height-default\" data-id=\"3b32ab3d\" data-element_type=\"section\" data-e-type=\"section\" data-settings=\"{&quot;background_background&quot;:&quot;gradient&quot;,&quot;stretch_section&quot;:&quot;section-stretched&quot;}\">\n\t\t\t\t\t\t<div class=\"elementor-container elementor-column-gap-wide\">\n\t\t\t\t\t<div class=\"elementor-column elementor-col-100 elementor-top-column elementor-element elementor-element-14843cbd\" data-id=\"14843cbd\" data-element_type=\"column\" data-e-type=\"column\">\n\t\t\t<div class=\"elementor-widget-wrap elementor-element-populated\">\n\t\t\t\t\t\t<div class=\"elementor-element elementor-element-45f8eaa7 elementor-widget elementor-widget-text-editor\" data-id=\"45f8eaa7\" data-element_type=\"widget\" data-e-type=\"widget\" data-widget_type=\"text-editor.default\">\n\t\t\t\t<div class=\"elementor-widget-container\">\n\t\t\t\t\t\t\t\t\t<p><br \/><br \/>O Grupo Rosa dos Ventos desenvolveu essa pol\u00edtica de privacidade para informar quais dados coletamos de nossos usu\u00e1rios, e como armazenamos e usamos esses dados. A privacidade das suas informa\u00e7\u00f5es \u00e9 muito importante pra n\u00f3s.<\/p>\n<p>O Grupo Rosa dos Ventos se compromete a cumprir todas leis de privacidade e prote\u00e7\u00e3o de dados em vigor.<\/p>\n<p>Ao utilizar nossa plataforma, voc\u00ea concorda com todas as informa\u00e7\u00f5es aqui descritas, e qualquer altera\u00e7\u00e3o nessa pol\u00edtica ser\u00e1 notificada em nosso site, mas recomendamos que seja realizado a leitura periodicamente, para que se mantenha atualizado.<\/p>\n<p>O nosso site pode ter links para sites externos que n\u00e3o s\u00e3o operados por n\u00f3s, portando n\u00e3o temos controle sobre o conte\u00fado e pr\u00e1ticas desses sites, n\u00e3o tendo responsabilidade pela sua pol\u00edtica.<\/p>\n<p>O uso cont\u00ednuo de nosso site ser\u00e1 considerado como aceita\u00e7\u00e3o de nossa pol\u00edtica de privacidade.<br \/><br \/><br \/><\/p>\n<p>Cookies<br \/>Os cookies s\u00e3o arquivos que s\u00e3o armazenados no navegador do usu\u00e1rio, para melhorar a experi\u00eancia no site. Voc\u00ea pode bloquear o armazenamento desses arquivos alterando as configura\u00e7\u00f5es em seu navegador. Por\u00e9m n\u00e3o recomendamos esse bloqueio, pois pode resultar na desativa\u00e7\u00e3o de determinados recursos e funcionalidades de nossa plataforma.<\/p>\n<p>Coment\u00e1rios<br \/>Quando os visitantes deixam coment\u00e1rios no site, coletamos os dados mostrados no formul\u00e1rio de coment\u00e1rios, al\u00e9m do endere\u00e7o de IP e de dados do navegador do visitante, para auxiliar na detec\u00e7\u00e3o de spam.<\/p>\n<p>Uma sequ\u00eancia anonimizada de caracteres criada a partir do seu e-mail (tamb\u00e9m chamada de hash) poder\u00e1 ser enviada para o Gravatar para verificar se voc\u00ea usa o servi\u00e7o. Depois da aprova\u00e7\u00e3o do seu coment\u00e1rio, a foto do seu perfil fica vis\u00edvel publicamente junto de seu coment\u00e1rio.<\/p>\n<p>Formul\u00e1rios de contato<br \/>Ao deixar um coment\u00e1rio no site, voc\u00ea poder\u00e1 optar por salvar seu nome, e-mail e site nos cookies. Isso visa seu conforto, assim voc\u00ea n\u00e3o precisar\u00e1 preencher seus dados novamente quando fizer outro coment\u00e1rio. Estes cookies duram um ano.<\/p>\n<p>Se voc\u00ea tem uma conta e acessa este site, um cookie tempor\u00e1rio ser\u00e1 criado para determinar se seu navegador aceita cookies. Ele n\u00e3o cont\u00e9m nenhum dado pessoal e ser\u00e1 descartado quando voc\u00ea fechar seu navegador.<\/p>\n<p>Quando voc\u00ea acessa sua conta no site, tamb\u00e9m criamos v\u00e1rios cookies para salvar os dados da sua conta e suas escolhas de exibi\u00e7\u00e3o de tela. Cookies de login s\u00e3o mantidos por dois dias e cookies de op\u00e7\u00f5es de tela por um ano. Se voc\u00ea selecionar \u201cLembrar-me\u201d, seu acesso ser\u00e1 mantido por duas semanas. Se voc\u00ea se desconectar da sua conta, os cookies de login ser\u00e3o removidos.<\/p>\n<p>Se voc\u00ea editar ou publicar um artigo, um cookie adicional ser\u00e1 salvo no seu navegador. Este cookie n\u00e3o inclui nenhum dado pessoal e simplesmente indica o ID do post referente ao artigo que voc\u00ea acabou de editar. Ele expira depois de 1 dia.<\/p>\n<p>Por quanto tempo mantemos os seus dados<br \/>Se voc\u00ea deixar um coment\u00e1rio, o coment\u00e1rio e os seus metadados s\u00e3o conservados indefinidamente. Fazemos isso para que seja poss\u00edvel reconhecer e aprovar automaticamente qualquer coment\u00e1rio posterior ao inv\u00e9s de ret\u00ea-lo para modera\u00e7\u00e3o.<\/p>\n<p>Para usu\u00e1rios que se registram no nosso site (se houver), tamb\u00e9m guardamos as informa\u00e7\u00f5es pessoais que fornecem no seu perfil de usu\u00e1rio. Todos os usu\u00e1rios podem ver, editar ou excluir suas informa\u00e7\u00f5es pessoais a qualquer momento (s\u00f3 n\u00e3o \u00e9 poss\u00edvel alterar o seu username). Os administradores de sites tamb\u00e9m podem ver e editar estas informa\u00e7\u00f5es.<\/p>\n<p>Quais os seus direitos sobre seus dados<br \/>Se voc\u00ea tiver uma conta neste site ou se tiver deixado coment\u00e1rios, pode solicitar um arquivo exportado dos dados pessoais que mantemos sobre voc\u00ea, inclusive quaisquer dados que nos tenha fornecido. Tamb\u00e9m pode solicitar que removamos qualquer dado pessoal que mantemos sobre voc\u00ea. Isto n\u00e3o inclui nenhuns dados que somos obrigados a manter para prop\u00f3sitos administrativos, legais ou de seguran\u00e7a.<\/p>\n<p>Para onde enviamos seus dados e com quem partilhamos?<br \/>N\u00e3o cedemos ou comercializamos seus dados em hip\u00f3tese alguma. Os dados coletados servem exclusivamente para melhorar a experi\u00eancia em nossa plataforma, e lhes prestar um servi\u00e7o de qualidade.<\/p>\n<p>Coment\u00e1rios de visitantes podem ser marcados por um servi\u00e7o autom\u00e1tico de detec\u00e7\u00e3o de spam.<\/p>\n<p>Informa\u00e7\u00f5es adicionais<br \/>Qualquer d\u00favida que tiver referente a essa pol\u00edtica de privacidade, entre em contato conosco atrav\u00e9s do email circoteatrorosadosventos@yahoo.com.br\u00a0 ou de nosso telefone (18) 99742-5994.<\/p>\t\t\t\t\t\t\t\t<\/div>\n\t\t\t\t<\/div>\n\t\t\t\t\t<\/div>\n\t\t<\/div>\n\t\t\t\t\t<\/div>\n\t\t<\/section>\n\t\t\t\t<\/div>\n\t\t","protected":false},"excerpt":{"rendered":"<p>Pol\u00edtica de privacidade O Grupo Rosa dos Ventos desenvolveu essa pol\u00edtica de privacidade para informar quais dados coletamos de nossos usu\u00e1rios, e como armazenamos e usamos esses dados. A privacidade das suas informa\u00e7\u00f5es \u00e9 muito importante pra n\u00f3s. O Grupo Rosa dos Ventos se compromete a cumprir todas leis de privacidade e prote\u00e7\u00e3o de dados [&hellip;]<\/p>\n","protected":false},"author":1,"featured_media":0,"parent":0,"menu_order":0,"comment_status":"closed","ping_status":"open","template":"","meta":{"_eb_attr":"","ocean_post_layout":"","ocean_both_sidebars_style":"","ocean_both_sidebars_content_width":0,"ocean_both_sidebars_sidebars_width":0,"ocean_sidebar":"0","ocean_second_sidebar":"0","ocean_disable_margins":"enable","ocean_add_body_class":"","ocean_shortcode_before_top_bar":"","ocean_shortcode_after_top_bar":"","ocean_shortcode_before_header":"","ocean_shortcode_after_header":"","ocean_has_shortcode":"","ocean_shortcode_after_title":"","ocean_shortcode_before_footer_widgets":"","ocean_shortcode_after_footer_widgets":"","ocean_shortcode_before_footer_bottom":"","ocean_shortcode_after_footer_bottom":"","ocean_display_top_bar":"default","ocean_display_header":"default","ocean_header_style":"","ocean_center_header_left_menu":"0","ocean_custom_header_template":"0","ocean_custom_logo":0,"ocean_custom_retina_logo":0,"ocean_custom_logo_max_width":0,"ocean_custom_logo_tablet_max_width":0,"ocean_custom_logo_mobile_max_width":0,"ocean_custom_logo_max_height":0,"ocean_custom_logo_tablet_max_height":0,"ocean_custom_logo_mobile_max_height":0,"ocean_header_custom_menu":"0","ocean_menu_typo_font_family":"0","ocean_menu_typo_font_subset":"","ocean_menu_typo_font_size":0,"ocean_menu_typo_font_size_tablet":0,"ocean_menu_typo_font_size_mobile":0,"ocean_menu_typo_font_size_unit":"px","ocean_menu_typo_font_weight":"","ocean_menu_typo_font_weight_tablet":"","ocean_menu_typo_font_weight_mobile":"","ocean_menu_typo_transform":"","ocean_menu_typo_transform_tablet":"","ocean_menu_typo_transform_mobile":"","ocean_menu_typo_line_height":0,"ocean_menu_typo_line_height_tablet":0,"ocean_menu_typo_line_height_mobile":0,"ocean_menu_typo_line_height_unit":"","ocean_menu_typo_spacing":0,"ocean_menu_typo_spacing_tablet":0,"ocean_menu_typo_spacing_mobile":0,"ocean_menu_typo_spacing_unit":"","ocean_menu_link_color":"","ocean_menu_link_color_hover":"","ocean_menu_link_color_active":"","ocean_menu_link_background":"","ocean_menu_link_hover_background":"","ocean_menu_link_active_background":"","ocean_menu_social_links_bg":"","ocean_menu_social_hover_links_bg":"","ocean_menu_social_links_color":"","ocean_menu_social_hover_links_color":"","ocean_disable_title":"default","ocean_disable_heading":"default","ocean_post_title":"","ocean_post_subheading":"","ocean_post_title_style":"","ocean_post_title_background_color":"","ocean_post_title_background":0,"ocean_post_title_bg_image_position":"","ocean_post_title_bg_image_attachment":"","ocean_post_title_bg_image_repeat":"","ocean_post_title_bg_image_size":"","ocean_post_title_height":0,"ocean_post_title_bg_overlay":0.5,"ocean_post_title_bg_overlay_color":"","ocean_disable_breadcrumbs":"default","ocean_breadcrumbs_color":"","ocean_breadcrumbs_separator_color":"","ocean_breadcrumbs_links_color":"","ocean_breadcrumbs_links_hover_color":"","ocean_display_footer_widgets":"default","ocean_display_footer_bottom":"default","ocean_custom_footer_template":"0","footnotes":""},"class_list":["post-3","page","type-page","status-publish","hentry","entry"],"yoast_head":"<!-- This site is optimized with the Yoast SEO plugin v27.3 - https:\/\/yoast.com\/product\/yoast-seo-wordpress\/ -->\n<title>Pol\u00edtica de privacidade - Rosa dos Ventos<\/title>\n<meta name=\"robots\" content=\"index, follow, max-snippet:-1, max-image-preview:large, max-video-preview:-1\" \/>\n<link rel=\"canonical\" href=\"https:\/\/rosadosventos.art.br\/?page_id=3\" \/>\n<meta property=\"og:locale\" content=\"pt_BR\" \/>\n<meta property=\"og:type\" content=\"article\" \/>\n<meta property=\"og:title\" content=\"Pol\u00edtica de privacidade - Rosa dos Ventos\" \/>\n<meta property=\"og:description\" content=\"Pol\u00edtica de privacidade O Grupo Rosa dos Ventos desenvolveu essa pol\u00edtica de privacidade para informar quais dados coletamos de nossos usu\u00e1rios, e como armazenamos e usamos esses dados. A privacidade das suas informa\u00e7\u00f5es \u00e9 muito importante pra n\u00f3s. O Grupo Rosa dos Ventos se compromete a cumprir todas leis de privacidade e prote\u00e7\u00e3o de dados [&hellip;]\" \/>\n<meta property=\"og:url\" content=\"https:\/\/rosadosventos.art.br\/?page_id=3\" \/>\n<meta property=\"og:site_name\" content=\"Rosa dos Ventos\" \/>\n<meta property=\"article:publisher\" content=\"https:\/\/www.facebook.com\/gruporosadosventos\" \/>\n<meta property=\"article:modified_time\" content=\"2021-04-30T17:45:44+00:00\" \/>\n<meta property=\"og:image\" content=\"https:\/\/rosadosventos.art.br\/wp-content\/uploads\/2021\/02\/rosa-dos-ventos-circo.png\" \/>\n\t<meta property=\"og:image:width\" content=\"2256\" \/>\n\t<meta property=\"og:image:height\" content=\"2290\" \/>\n\t<meta property=\"og:image:type\" content=\"image\/png\" \/>\n<meta name=\"twitter:card\" content=\"summary_large_image\" \/>\n<meta name=\"twitter:label1\" content=\"Est. tempo de leitura\" \/>\n\t<meta name=\"twitter:data1\" content=\"4 minutos\" \/>\n<script type=\"application\/ld+json\" class=\"yoast-schema-graph\">{\"@context\":\"https:\\\/\\\/schema.org\",\"@graph\":[{\"@type\":\"WebPage\",\"@id\":\"https:\\\/\\\/rosadosventos.art.br\\\/?page_id=3\",\"url\":\"https:\\\/\\\/rosadosventos.art.br\\\/?page_id=3\",\"name\":\"Pol\u00edtica de privacidade - Rosa dos Ventos\",\"isPartOf\":{\"@id\":\"https:\\\/\\\/rosadosventos.art.br\\\/#website\"},\"datePublished\":\"2021-02-08T22:08:34+00:00\",\"dateModified\":\"2021-04-30T17:45:44+00:00\",\"breadcrumb\":{\"@id\":\"https:\\\/\\\/rosadosventos.art.br\\\/?page_id=3#breadcrumb\"},\"inLanguage\":\"pt-BR\",\"potentialAction\":[{\"@type\":\"ReadAction\",\"target\":[\"https:\\\/\\\/rosadosventos.art.br\\\/?page_id=3\"]}]},{\"@type\":\"BreadcrumbList\",\"@id\":\"https:\\\/\\\/rosadosventos.art.br\\\/?page_id=3#breadcrumb\",\"itemListElement\":[{\"@type\":\"ListItem\",\"position\":1,\"name\":\"In\u00edcio\",\"item\":\"https:\\\/\\\/rosadosventos.art.br\\\/\"},{\"@type\":\"ListItem\",\"position\":2,\"name\":\"Pol\u00edtica de privacidade\"}]},{\"@type\":\"WebSite\",\"@id\":\"https:\\\/\\\/rosadosventos.art.br\\\/#website\",\"url\":\"https:\\\/\\\/rosadosventos.art.br\\\/\",\"name\":\"Rosa dos Ventos\",\"description\":\"Grupo de Circo e Teatro de Rua\",\"publisher\":{\"@id\":\"https:\\\/\\\/rosadosventos.art.br\\\/#organization\"},\"potentialAction\":[{\"@type\":\"SearchAction\",\"target\":{\"@type\":\"EntryPoint\",\"urlTemplate\":\"https:\\\/\\\/rosadosventos.art.br\\\/?s={search_term_string}\"},\"query-input\":{\"@type\":\"PropertyValueSpecification\",\"valueRequired\":true,\"valueName\":\"search_term_string\"}}],\"inLanguage\":\"pt-BR\"},{\"@type\":\"Organization\",\"@id\":\"https:\\\/\\\/rosadosventos.art.br\\\/#organization\",\"name\":\"Rosa dos Ventos\",\"url\":\"https:\\\/\\\/rosadosventos.art.br\\\/\",\"logo\":{\"@type\":\"ImageObject\",\"inLanguage\":\"pt-BR\",\"@id\":\"https:\\\/\\\/rosadosventos.art.br\\\/#\\\/schema\\\/logo\\\/image\\\/\",\"url\":\"https:\\\/\\\/rosadosventos.art.br\\\/wp-content\\\/uploads\\\/2021\\\/02\\\/rosa-dos-ventos-circo.png\",\"contentUrl\":\"https:\\\/\\\/rosadosventos.art.br\\\/wp-content\\\/uploads\\\/2021\\\/02\\\/rosa-dos-ventos-circo.png\",\"width\":2256,\"height\":2290,\"caption\":\"Rosa dos Ventos\"},\"image\":{\"@id\":\"https:\\\/\\\/rosadosventos.art.br\\\/#\\\/schema\\\/logo\\\/image\\\/\"},\"sameAs\":[\"https:\\\/\\\/www.facebook.com\\\/gruporosadosventos\"]}]}<\/script>\n<!-- \/ Yoast SEO plugin. -->","yoast_head_json":{"title":"Pol\u00edtica de privacidade - Rosa dos Ventos","robots":{"index":"index","follow":"follow","max-snippet":"max-snippet:-1","max-image-preview":"max-image-preview:large","max-video-preview":"max-video-preview:-1"},"canonical":"https:\/\/rosadosventos.art.br\/?page_id=3","og_locale":"pt_BR","og_type":"article","og_title":"Pol\u00edtica de privacidade - Rosa dos Ventos","og_description":"Pol\u00edtica de privacidade O Grupo Rosa dos Ventos desenvolveu essa pol\u00edtica de privacidade para informar quais dados coletamos de nossos usu\u00e1rios, e como armazenamos e usamos esses dados. A privacidade das suas informa\u00e7\u00f5es \u00e9 muito importante pra n\u00f3s. O Grupo Rosa dos Ventos se compromete a cumprir todas leis de privacidade e prote\u00e7\u00e3o de dados [&hellip;]","og_url":"https:\/\/rosadosventos.art.br\/?page_id=3","og_site_name":"Rosa dos Ventos","article_publisher":"https:\/\/www.facebook.com\/gruporosadosventos","article_modified_time":"2021-04-30T17:45:44+00:00","og_image":[{"width":2256,"height":2290,"url":"https:\/\/rosadosventos.art.br\/wp-content\/uploads\/2021\/02\/rosa-dos-ventos-circo.png","type":"image\/png"}],"twitter_card":"summary_large_image","twitter_misc":{"Est. tempo de leitura":"4 minutos"},"schema":{"@context":"https:\/\/schema.org","@graph":[{"@type":"WebPage","@id":"https:\/\/rosadosventos.art.br\/?page_id=3","url":"https:\/\/rosadosventos.art.br\/?page_id=3","name":"Pol\u00edtica de privacidade - Rosa dos Ventos","isPartOf":{"@id":"https:\/\/rosadosventos.art.br\/#website"},"datePublished":"2021-02-08T22:08:34+00:00","dateModified":"2021-04-30T17:45:44+00:00","breadcrumb":{"@id":"https:\/\/rosadosventos.art.br\/?page_id=3#breadcrumb"},"inLanguage":"pt-BR","potentialAction":[{"@type":"ReadAction","target":["https:\/\/rosadosventos.art.br\/?page_id=3"]}]},{"@type":"BreadcrumbList","@id":"https:\/\/rosadosventos.art.br\/?page_id=3#breadcrumb","itemListElement":[{"@type":"ListItem","position":1,"name":"In\u00edcio","item":"https:\/\/rosadosventos.art.br\/"},{"@type":"ListItem","position":2,"name":"Pol\u00edtica de privacidade"}]},{"@type":"WebSite","@id":"https:\/\/rosadosventos.art.br\/#website","url":"https:\/\/rosadosventos.art.br\/","name":"Rosa dos Ventos","description":"Grupo de Circo e Teatro de Rua","publisher":{"@id":"https:\/\/rosadosventos.art.br\/#organization"},"potentialAction":[{"@type":"SearchAction","target":{"@type":"EntryPoint","urlTemplate":"https:\/\/rosadosventos.art.br\/?s={search_term_string}"},"query-input":{"@type":"PropertyValueSpecification","valueRequired":true,"valueName":"search_term_string"}}],"inLanguage":"pt-BR"},{"@type":"Organization","@id":"https:\/\/rosadosventos.art.br\/#organization","name":"Rosa dos Ventos","url":"https:\/\/rosadosventos.art.br\/","logo":{"@type":"ImageObject","inLanguage":"pt-BR","@id":"https:\/\/rosadosventos.art.br\/#\/schema\/logo\/image\/","url":"https:\/\/rosadosventos.art.br\/wp-content\/uploads\/2021\/02\/rosa-dos-ventos-circo.png","contentUrl":"https:\/\/rosadosventos.art.br\/wp-content\/uploads\/2021\/02\/rosa-dos-ventos-circo.png","width":2256,"height":2290,"caption":"Rosa dos Ventos"},"image":{"@id":"https:\/\/rosadosventos.art.br\/#\/schema\/logo\/image\/"},"sameAs":["https:\/\/www.facebook.com\/gruporosadosventos"]}]}},"jetpack_sharing_enabled":true,"_links":{"self":[{"href":"https:\/\/rosadosventos.art.br\/index.php?rest_route=\/wp\/v2\/pages\/3","targetHints":{"allow":["GET"]}}],"collection":[{"href":"https:\/\/rosadosventos.art.br\/index.php?rest_route=\/wp\/v2\/pages"}],"about":[{"href":"https:\/\/rosadosventos.art.br\/index.php?rest_route=\/wp\/v2\/types\/page"}],"author":[{"embeddable":true,"href":"https:\/\/rosadosventos.art.br\/index.php?rest_route=\/wp\/v2\/users\/1"}],"replies":[{"embeddable":true,"href":"https:\/\/rosadosventos.art.br\/index.php?rest_route=%2Fwp%2Fv2%2Fcomments&post=3"}],"version-history":[{"count":14,"href":"https:\/\/rosadosventos.art.br\/index.php?rest_route=\/wp\/v2\/pages\/3\/revisions"}],"predecessor-version":[{"id":2609,"href":"https:\/\/rosadosventos.art.br\/index.php?rest_route=\/wp\/v2\/pages\/3\/revisions\/2609"}],"wp:attachment":[{"href":"https:\/\/rosadosventos.art.br\/index.php?rest_route=%2Fwp%2Fv2%2Fmedia&parent=3"}],"curies":[{"name":"wp","href":"https:\/\/api.w.org\/{rel}","templated":true}]}}